{"id":42083,"date":"2023-11-13T18:04:16","date_gmt":"2023-11-13T17:04:16","guid":{"rendered":"https:\/\/biasiol.com\/?page_id=42083"},"modified":"2025-10-28T14:40:11","modified_gmt":"2025-10-28T13:40:11","slug":"privacy","status":"publish","type":"page","link":"https:\/\/biasiol.com\/en\/privacy\/","title":{"rendered":"Privacy"},"content":{"rendered":"<div class=\"wpb-content-wrapper\"><p>[vc_row][vc_column][vc_column_text]<\/p>\r\n\r\n<h2 class=\"wp-block-heading\"><\/h2>\r\n<h4 class=\"p4 wp-block-heading\"><span class=\"s2\"><b>I.<\/b> <\/span>Informativa Privacy<\/h4>\r\n<p class=\"p5\">In ottemperanza agli obblighi derivanti dal Regolamento (UE) 2016\/679 del Parlamento Europeo e del Consiglio del 27 aprile 2016 (Regolamento generale sulla protezione dei dati, nel seguito RGPD) e della normativa italiana sulla protezione dei dati, <strong>Biasiol Technology srl<\/strong>, societ\u00e0 di diritto italiano con sede legale in <em>Via Crosetta, 8 &#8211; 33077 Sacile (PN)<\/em>, rispetta e tutela la riservatezza degli utenti del sito di cui al dominio <a href=\"https:\/\/biasiol.com\/\">biasiol.com<\/a>, ponendo in essere ogni sforzo possibile e proporzionato per non ledere i diritti degli stessi.<\/p>\r\n<p class=\"p5\">Lo scopo della presente informativa sulla privacy \u00e8 quello di aiutare gli utenti a comprendere le procedure che <strong>Biasiol Technology srl<\/strong> utilizza in materia di privacy, inclusi quali dati personali vengono raccolti, il perch\u00e9 della raccolta degli stessi, come gli stessi vengono utilizzati, come tali dati vengono protetti e quali sono i diritti individuali degli utenti.<\/p>\r\n<p class=\"p5\">La presente informativa sulla privacy non si applica ed esclude la nostra responsabilit\u00e0 in merito alla privacy, alle informazioni o ad altre pratiche di terze parti, incluse terze parti che gestiscono siti Web o servizi a cui il sito <a href=\"https:\/\/biasiol.com\/\">biasiol.com<\/a> rimanda.<\/p>\r\n<p class=\"p5\">La presente informativa sulla privacy si applica a tutti i dati personali che <strong>Biasiol Technology srl<\/strong> acquisisce o elabora quando gli utenti interagiscono con il sito <a href=\"https:\/\/biasiol.com\/\">biasiol.com<\/a><span class=\"s3\">.<\/span><\/p>\r\n<p class=\"p5\">Tali interazioni possono riguardare visitatori, clienti, fornitori e\/o partner.<\/p>\r\n<p>&nbsp;<\/p>\r\n<h4 class=\"p7\"><span class=\"s2\">II. <\/span>Informazioni generali sul Trattamento dei Dati<\/h4>\r\n<p class=\"p5\">Nella presente informativa sulla privacy, con il termine \u201cdati personali\u201d si intendono le informazioni che si riferiscono agli utenti e che ci consentono di identificarli, direttamente o in combinazione con altre informazioni in nostro possesso. L\u2019utente pu\u00f2 negare il consenso alla raccolta di questi dati, e pu\u00f2 revocare in qualsiasi momento un consenso gi\u00e0 fornito. Tuttavia negare il consenso pu\u00f2 comportare l\u2019impossibilit\u00e0 di erogare alcuni servizi e l\u2019esperienza di navigazione nel sito potrebbe essere compromessa.<\/p>\r\n<p>&nbsp;<\/p>\r\n<h4 class=\"p7\"><span class=\"s2\">III. <\/span>Che tipo di dati raccogliamo e perch\u00e9<\/h4>\r\n<p class=\"p9\"><b>Informazioni raccolte automaticamente. Dati di navigazione<\/b><\/p>\r\n<p class=\"p9\">Come tutti i siti web anche il presente sito fa uso di file di log nei quali vengono conservate informazioni raccolte in maniera automatizzata durante le visite degli utenti.<\/p>\r\n<p class=\"p9\">Le informazioni raccolte potrebbero essere le seguenti:<\/p>\r\n<p class=\"p10\"><span class=\"s5\">\u2022<\/span> indirizzo internet protocol (IP);<\/p>\r\n<p class=\"p10\"><span class=\"s5\">\u2022<\/span> tipo di browser e parametri del dispositivo usato per connettersi al sito;<\/p>\r\n<p class=\"p10\"><span class=\"s5\">\u2022<\/span> nome dell\u2019internet service provider (ISP);<\/p>\r\n<p class=\"p10\"><span class=\"s5\">\u2022<\/span> data e orario di visita\/richiesta;<\/p>\r\n<p class=\"p10\"><span class=\"s5\">\u2022<\/span> eventualmente il numero di click;<\/p>\r\n<p class=\"p10\"><span class=\"s5\">\u2022<\/span> il metodo utilizzato per sottoporre la richiesta al server;<\/p>\r\n<p class=\"p10\"><span class=\"s5\">\u2022<\/span> la dimensione del file ottenuto in risposta;<\/p>\r\n<p class=\"p10\"><span class=\"s5\">\u2022<\/span> il codice digitale indicante lo stato della risposta data dal server;<\/p>\r\n<p class=\"p10\"><span class=\"s5\">\u2022<\/span> altri parametri relativi al sistema operativo e all\u2019ambiente informatico dell\u2019utente.<\/p>\r\n<p class=\"p9\">Le informazioni di cui sopra sono trattate in forma automatizzata e raccolte in forma esclusivamente aggregata al fine di verificare il corretto funzionamento del sito, e per motivi di sicurezza. A fini di sicurezza (filtri anti-spam, firewall, rilevazione virus), i dati registrati automaticamente possono eventualmente comprendere anche dati personali come l\u2019indirizzo IP (quello che identifica univocamente, almeno in quel dato momento, l\u2019host di provenienza), che potrebbe essere utilizzato, conformemente alle leggi vigenti in materia, al fine di bloccare tentativi di danneggiamento al sito medesimo o di recare danno ad altri utenti, o comunque attivit\u00e0 dannose o costituenti reato.<\/p>\r\n<p class=\"p9\">Tali dati sono usati per la tutela del sito e dei suoi utenti.<\/p>\r\n<p class=\"p9\">I dati indicati sono utilizzati al solo fine di ricavare informazioni statistiche anonime sull\u2019uso del sito web e per controllarne il corretto funzionamento.<\/p>\r\n<p>&nbsp;<\/p>\r\n<h4 class=\"p9\"><span class=\"s2\">IV. <\/span>Utilizzo dei Cookie<\/h4>\r\n<p class=\"p9\"><b>I Cookie<\/b><\/p>\r\n<p class=\"p9\">I cookie sono piccoli file di testo che i siti web possono creare sul dispositivo che stai usando per navigare. Lo scopo dei cookie in generale \u00e8 immagazzinare e trasportare informazioni. Questo \u00e8 utile sia per le aziende le quali possono ad esempio misurare l\u2019uso dei propri siti da parte degli utenti, sia per gli utilizzatori dei siti, consentendo loro, ad esempio, di impostare le proprie preferenze personali di navigazione (es. scelta della lingua).<\/p>\r\n<p class=\"p9\"><b>Quali cookie utilizziamo?<\/b><\/p>\r\n<p class=\"p10\"><span class=\"s5\">\u2022 <\/span><i>Cookie di sessione (o temporanei):<\/i>\u00a0vengono eliminati quando si esce dal sito internet e si chiude il browser di navigazione.<\/p>\r\n<p class=\"p10\"><span class=\"s5\">\u2022 <\/span><i>Cookie permanenti:<\/i>\u00a0rimangono sul dispositivo anche dopo che essere usciti dal sito internet fino a quando non vengono cancellati o raggiungono la loro scadenza.<\/p>\r\n<p class=\"p10\">Permettono ad esempio di salvare l\u2019impostazione della lingua di visualizzazione.<\/p>\r\n<p class=\"p10\"><span class=\"s5\">\u2022 <\/span><i>Cookie tecnici:<\/i>\u00a0possono essere sia temporanei che permanenti e servono per navigare il sito che stai visitando e utilizzarne alcune funzionalit\u00e0.<\/p>\r\n<p class=\"p10\">Senza questi cookie alcuni servizi on line che richiedi (es. accesso alle aree riservate, ecc.) non possono essere forniti.<\/p>\r\n<p class=\"p10\">Con questo tipo di cookie non vengono raccolte informazioni personali.<\/p>\r\n<p class=\"p9\"><b>Cookie d\u2019accesso<\/b><\/p>\r\n<p class=\"p9\">Se possiedi un account ed effettui l\u2019accesso a questo sito, verranno applicati dei Cookie temporanei per determinare se il tuo tipo di browser accetta i cookie. Questi cookie non contengono alcun tipo di informazione personale relativa all\u2019utente, e verranno cancellati una volta chiuso il browser.<\/p>\r\n<p class=\"p9\">Quando effettui l\u2019accesso al sito, imposteremo diversi tipi di cookie che hanno il compito di ricordare le tue informazioni di accesso e le tue impostazioni di schermata. I Cookie d\u2019accesso rimangono memorizzati per 2 giorni, mentre quelli relativi alle impostazioni di schermata rimangono in memoria per circa un anno. Se al momento dell\u2019accesso selezioni l\u2019opzione <i>Ricordami<\/i>, allora i cookie d\u2019accesso saranno memorizzati per 2 settimane. Se ti disconnetti dal tuo account, i cookie d\u2019accesso e le relative informazioni verranno eliminati.<\/p>\r\n<p class=\"p9\"><b>Google Web Fonts<\/b><\/p>\r\n<p class=\"p9\">Per la visualizzazione dei caratteri del testo, questo sito utilizza web-font forniti da Google.<\/p>\r\n<p class=\"p9\">Quando apri una pagina di questo sito, il tuo browser carica i font necessari nella cache del browser; questo permette di poter visualizzare correttamente i caratteri stessi e i testi. Il tuo browser deve stabilire una connessione diretta con i server di Google: in questo modo, Google stessa verr\u00e0 a conoscenza del fatto che il nostro sito \u00e8 stato visitato dal tuo indirizzo IP. L&#8217;uso dei web-font di Google viene eseguito nell&#8217;interesse di una presentazione uniforme ed attraente dei nostri contenuti. Ci\u00f2 costituisce un interesse giustificato ai sensi dell&#8217;art. 6 (Comma 1.f) RGPD.<\/p>\r\n<p class=\"p12\">Se il tuo browser non supporta i web-font, un font standard verr\u00e0 utilizzato per la visualizzazione dei contenuti.<\/p>\r\n<p class=\"p12\">Per ulteriori informazioni riguardo il trattamento dei dati per Google Fonts visita la pagina <a href=\"https:\/\/developers.google.com\/fonts\/faq\"><span class=\"s6\">https:\/\/developers.google.com\/fonts\/faq<\/span><\/a> e per il trattamento dei dati personali da parte di Google visita la pagina <a href=\"https:\/\/www.google.de\/intl\/de\/policies\/privacy\"><span class=\"s4\">https:\/\/www.google.de\/intl\/de\/policies\/privacy<\/span><\/a>.<\/p>\r\n<p class=\"p9\"><b>Contact Form <\/b><\/p>\r\n<p class=\"p9\">Raccogliamo dati degli utenti attraverso il modulo dei contatti presente in questo sito, memorizzando le informazioni relative al tipo di richiesta, alla data ed ora di invio,<\/p>\r\n<p class=\"p9\">l\u2019indirizzo IP e il tipo di browser utilizzato. Queste informazioni vengono inviate sotto forma di e-mail ad un solo specifico indirizzo e-mail gestito dal responsabile del trattamento dei dati personali.<\/p>\r\n<p class=\"p9\">Questi dati vengono anche memorizzati nel database del nostro spazio di hosting.<\/p>\r\n<p class=\"p9\">Non poniamo un tempo limite di eliminazione di questi ultimi in quanto potrebbe sorgere la necessit\u00e0 di una consultazione futura.<\/p>\r\n<p><strong>Google reCAPTCHA<\/strong> Questo sito \u00e8 protetto da reCAPTCHA, il suo utilizzo \u00e8 soggetto alla <a href=\"https:\/\/policies.google.com\/privacy\" target=\"_blank\" rel=\"nofollow noopener\">Privacy Policy<\/a> e ai <a href=\"https:\/\/policies.google.com\/terms\" target=\"_blank\" rel=\"nofollow noopener\">termini di utilizzo<\/a> di Google.<\/p>\r\n<p class=\"p9\"><b>Contenuti incorporati da altri siti web<\/b><\/p>\r\n<p class=\"p9\">Gli articoli in questo sito potrebbero includere dei contenuti incorporati (ad esempio video, immagini, articoli\u2026 etc.). I contenuti incorporati da altri siti si comportano come se l\u2019utente interagisse con essi all\u2019interno del loro spazio web d\u2019origine. I siti esterni potrebbero raccogliere dati ed informazioni su di te, sul tuo uso dei cookie, applicare servizi di tracciamento dell\u2019IP e monitorare la tua interazione con i contenuti incorporati concessi, a patto che tu abbia effettuato anche un accesso nel sito corrispondente.<\/p>\r\n<p class=\"p9\"><b>Media<\/b><\/p>\r\n<p class=\"p9\">Se decidi di caricare un immagine in questo sito, dovresti evitare le immagini contenenti dati di posizione (EXIF GPS). Qualsiasi visitatore esterno pu\u00f2 scaricare le immagini presenti in questo sito, e quindi estrarre anche qualsiasi dato di posizione relativo alle immagini scaricate.<\/p>\r\n<p>&nbsp;<\/p>\r\n<h4 class=\"p7\"><span class=\"s2\">V. Luogo del trattamento<\/span><\/h4>\r\n<p class=\"p9\">I dati raccolti dal sito sono trattati presso la sede del Titolare del trattamento e presso il datacenter del web hosting.<\/p>\r\n<p class=\"p9\">Nessuno di questi dati verr\u00e0 condiviso con altri servizi di terze parti.<\/p>\r\n<p>&nbsp;<\/p>\r\n<h4 class=\"p7\"><span class=\"s2\">VI. <\/span>Misure di sicurezza<\/h4>\r\n<p class=\"p9\">Il presente sito tratta i dati degli utenti in maniera lecita e corretta, adottando le opportune misure di sicurezza volte ad impedire accessi non autorizzati, divulgazione, modifica o distruzione non autorizzata di dati. Il trattamento viene effettuato mediante strumenti informatici e\/o telematici, utilizzando misure adeguate a livello organizzativo, tecnico e amministrativo al fine di tutelare i dati personali all\u2019interno della nostra azienda, e con logiche strettamente correlate alle finalit\u00e0 indicate. Tuttavia, nessuna trasmissione di dati e nessun sistema di archiviazione possono essere garantiti come sicuri al 100%. Gli utenti che hanno motivo di ritenere che l\u2019interazione con noi non sia pi\u00f9 sicura, sono pregati di segnalarci immediatamente il problema. Oltre al Titolare, in alcuni casi, potrebbero avere accesso ai dati categorie di incaricati coinvolti nell\u2019organizzazione del sito (personale amministrativo, commerciale, o amministratori di sistema) ovvero soggetti esterni (come fornitori di servizi tecnici terzi, corrieri postali, hosting provider, societ\u00e0 informatiche, agenzie di comunicazione).<\/p>\r\n<p class=\"p9\">I dati personali degli utenti saranno conservati per il tempo necessario o consentito alla luce delle finalit\u00e0 per cui vengono raccolti.<\/p>\r\n<p>&nbsp;<\/p>\r\n<h4 class=\"p7\"><span class=\"s2\">VII. <\/span>Diritti dell&#8217;utente<\/h4>\r\n<p class=\"p9\">Se possiedi un account in questo sito, puoi richiedere un\u2019esportazione delle informazioni relative ai tuoi dati personali che questo sito possiede, includendo qualsiasi altro dato da te concesso. Puoi anche richiedere l\u2019eliminazione di questi dati; tuttavia, ci\u00f2 non include certi tipi di dati i quali siamo obbligati a mantenere per scopi amministrativi, legali o di sicurezza.<\/p>\r\n<p class=\"p9\">Le richieste vanno rivolte al Titolare del trattamento. In particolare, l\u2019utente pu\u00f2 esercitare i propri diritti in relazione al trattamento dei propri dati personali contattando il Titolare del trattamento all\u2019indirizzo sotto indicato. Risponderemo alla richiesta conformemente a quanto previsto dalle leggi vigenti. Si invitano gli utenti a indicare nella loro richiesta quali dati personali desiderano che vengano modificati, a comunicarci se preferiscono che tali dati vengano eliminati dal nostro database o a specificare quali limitazioni desiderano porre all\u2019utilizzo da parte nostra dei loro dati personali.<\/p>\r\n<p class=\"p9\"><b>Come rifiutare e bloccare i cookie<\/b><\/p>\r\n<p class=\"p9\">Generalmente i browser internet sono impostati per accettare i cookie in modo automatico. Puoi comunque impostare il tuo browser in modo da accettare tutti i cookie, solo alcuni, oppure disabilitarne. Puoi impostare le preferenze del tuo browser in modo tale da essere avvisato ogni volta che un cookie viene memorizzato nel tuo computer. Al termine di ogni sessione di navigazione puoi cancellare i cookie raccolti.<\/p>\r\n<p class=\"p9\"><i>Ricorda che rifiutare e bloccare il funzionamento dei cookies potrebbe compromettere alcune funzionalit\u00e0.<\/i><\/p>\r\n<p class=\"p9\">Gli Utenti possono prestare o revocare il proprio consenso all\u2019uso dei Cookie e altri Identificatori impostando di conseguenza le proprie preferenze all\u2019interno dell\u2019informativa sui cookie o aggiornando tali preferenze tramite l\u2019apposito widget per le impostazioni di consenso, se disponibile.<\/p>\r\n<p class=\"p9\">In aggiunta, gli Utenti possono gestire le proprie preferenze relative agli Identificatori direttamente dalle impostazioni del proprio dispositivo e prevenire &#8211; per esempio &#8211; l&#8217;accettazione di Identificatori di terze parti. Tramite le impostazioni del browser o del dispositivo, \u00e8 inoltre possibile eliminare gli Identificatori salvati in passato, inclusi quelli usati per memorizzare il consenso iniziale prestato dall\u2019Utente. Gli Utenti possono, trovare informazioni su come gestire gli Identificatori con alcuni dei browser pi\u00f9 diffusi, ad esempio, ai seguenti indirizzi:\u00a0<a href=\"https:\/\/support.google.com\/chrome\/answer\/95647?hl=en&amp;p=cpn_cookies\">Google Chrome<\/a>,\u00a0Mozilla Firefox,\u00a0<a href=\"https:\/\/support.apple.com\/guide\/safari\/manage-cookies-and-website-data-sfri11471\/\">Apple Safari<\/a>\u00a0e\u00a0<a href=\"http:\/\/windows.microsoft.com\">Microsoft Internet Explorer<\/a>.<\/p>\r\n<p class=\"p9\">Con riferimento agli Identificatori impiegati da terze parti, gli Utenti possono gestire le proprie impostazioni e revocare il proprio consenso visitando il relativo link di opt out (qualora disponibile), utilizzando gli strumenti descritti nella privacy policy della terza parte o contattando direttamente la stessa.<\/p>\r\n<p class=\"p9\">Fermo restando quanto precede, si informano gli Utenti della possibilit\u00e0 di avvalersi delle informazioni fornite da\u00a0<a href=\"http:\/\/www.youronlinechoices.eu\/\">YourOnlineChoices<\/a>\u00a0(EU), the\u00a0<a href=\"https:\/\/www.networkadvertising.org\/understanding-digital-advertising\">Network Advertising Initiative<\/a>\u00a0(USA) and the\u00a0<a href=\"https:\/\/www.aboutads.info\/consumers\/\">Digital Advertising Alliance<\/a>\u00a0(USA),\u00a0<a href=\"https:\/\/youradchoices.ca\/understanding-online-advertising\/\">DAAC<\/a>\u00a0(Canada),\u00a0<a href=\"http:\/\/www.ddai.info\/optout\">DDAI<\/a>\u00a0(Giappone) o altri servizi analoghi. Con questi servizi \u00e8 possibile gestire le preferenze di tracciamento della maggior parte degli strumenti pubblicitari. Il Titolare, pertanto, consiglia agli Utenti di utilizzare tali risorse in aggiunta alle informazioni fornite dal presente documento.<\/p>\r\n<p class=\"p9\"><b>Analytics<\/b><\/p>\r\n<p class=\"p9\">Se non vuoi ricevere i cookie di Google Analytics puoi farlo collegandoti alla pagina\u00a0<a href=\"https:\/\/tools.google.com\/dlpage\/gaoptout\/\">https:\/\/tools.google.com\/dlpage\/gaoptout\/<\/a><\/p>\r\n<p>&nbsp;<\/p>\r\n<h4 class=\"p7\"><span class=\"s2\">VIII. <\/span>Titolare del Trattamento<\/h4>\r\n<p class=\"p5\">Titolare del trattamento ai sensi del RGPD e delle altre leggi italiane sulla protezione dei dati, nonch\u00e9 delle altre disposizioni in materia di protezione dei dati \u00e8:<\/p>\r\n<p class=\"p5\"><span class=\"s3\"><strong>Biasiol Technology srl<\/strong> <em>Via Crosetta, 8 <\/em><\/span><span class=\"s3\"><em>33077 Sacile (PN) Italia<\/em><\/span><\/p>\r\n<p class=\"p5\">Contattabile al seguente indirizzo email:<strong>\u00a0<a href=\"mailto:info@biasiol.com\">info@biasiol.com<\/a><\/strong><\/p>\r\n<p>&nbsp;<\/p>\r\n<h4 class=\"p7\"><span class=\"s2\">IX. <\/span>Aggiornamenti<\/h4>\r\n<p class=\"p9\">La presente privacy policy \u00e8 aggiornata al 10 Febbraio 2022.<\/p>\r\n<p>[\/vc_column_text][\/vc_column][\/vc_row]<\/p><\/div>","protected":false},"excerpt":{"rendered":"<p>[vc_row][vc_column][vc_column_text] I. Informativa Privacy In ottemperanza agli obblighi derivanti dal Regolamento (UE) 2016\/679 del Parlamento Europeo e del Consiglio del 27 aprile 2016 (Regolamento generale sulla protezione dei dati, nel seguito RGPD) e della normativa italiana sulla protezione dei dati, Biasiol Technology srl, societ\u00e0 di diritto italiano con sede legale in Via Crosetta, 8 &#8211;&hellip;<\/p>\n","protected":false},"author":1,"featured_media":0,"parent":0,"menu_order":11,"comment_status":"closed","ping_status":"closed","template":"","meta":{"footnotes":""},"class_list":["post-42083","page","type-page","status-publish","hentry","description-off"],"yoast_head":"<!-- This site is optimized with the Yoast SEO plugin v26.2 - https:\/\/yoast.com\/wordpress\/plugins\/seo\/ -->\n<title>Privacy - Biasiol Technology S.r.l.<\/title>\n<meta name=\"robots\" content=\"index, follow, max-snippet:-1, max-image-preview:large, max-video-preview:-1\" \/>\n<link rel=\"canonical\" href=\"https:\/\/biasiol.com\/en\/privacy\/\" \/>\n<meta property=\"og:locale\" content=\"en_US\" \/>\n<meta property=\"og:type\" content=\"article\" \/>\n<meta property=\"og:title\" content=\"Privacy - Biasiol Technology S.r.l.\" \/>\n<meta property=\"og:description\" content=\"[vc_row][vc_column][vc_column_text] I. Informativa Privacy In ottemperanza agli obblighi derivanti dal Regolamento (UE) 2016\/679 del Parlamento Europeo e del Consiglio del 27 aprile 2016 (Regolamento generale sulla protezione dei dati, nel seguito RGPD) e della normativa italiana sulla protezione dei dati, Biasiol Technology srl, societ\u00e0 di diritto italiano con sede legale in Via Crosetta, 8 &#8211;&hellip;\" \/>\n<meta property=\"og:url\" content=\"https:\/\/biasiol.com\/en\/privacy\/\" \/>\n<meta property=\"og:site_name\" content=\"Biasiol Technology S.r.l.\" \/>\n<meta property=\"article:modified_time\" content=\"2025-10-28T13:40:11+00:00\" \/>\n<meta name=\"twitter:card\" content=\"summary_large_image\" \/>\n<meta name=\"twitter:label1\" content=\"Est. reading time\" \/>\n\t<meta name=\"twitter:data1\" content=\"11 minutes\" \/>\n<script type=\"application\/ld+json\" class=\"yoast-schema-graph\">{\"@context\":\"https:\/\/schema.org\",\"@graph\":[{\"@type\":\"WebPage\",\"@id\":\"https:\/\/biasiol.com\/en\/privacy\/\",\"url\":\"https:\/\/biasiol.com\/en\/privacy\/\",\"name\":\"Privacy - Biasiol Technology S.r.l.\",\"isPartOf\":{\"@id\":\"https:\/\/biasiol.com\/#website\"},\"datePublished\":\"2023-11-13T17:04:16+00:00\",\"dateModified\":\"2025-10-28T13:40:11+00:00\",\"breadcrumb\":{\"@id\":\"https:\/\/biasiol.com\/en\/privacy\/#breadcrumb\"},\"inLanguage\":\"en-US\",\"potentialAction\":[{\"@type\":\"ReadAction\",\"target\":[\"https:\/\/biasiol.com\/en\/privacy\/\"]}]},{\"@type\":\"BreadcrumbList\",\"@id\":\"https:\/\/biasiol.com\/en\/privacy\/#breadcrumb\",\"itemListElement\":[{\"@type\":\"ListItem\",\"position\":1,\"name\":\"Home\",\"item\":\"https:\/\/biasiol.com\/?lang=en\"},{\"@type\":\"ListItem\",\"position\":2,\"name\":\"Privacy\"}]},{\"@type\":\"WebSite\",\"@id\":\"https:\/\/biasiol.com\/#website\",\"url\":\"https:\/\/biasiol.com\/\",\"name\":\"Biasiol Technology S.r.l.\",\"description\":\"Al servizio dei liquidi alimentari\",\"publisher\":{\"@id\":\"https:\/\/biasiol.com\/#organization\"},\"potentialAction\":[{\"@type\":\"SearchAction\",\"target\":{\"@type\":\"EntryPoint\",\"urlTemplate\":\"https:\/\/biasiol.com\/?s={search_term_string}\"},\"query-input\":{\"@type\":\"PropertyValueSpecification\",\"valueRequired\":true,\"valueName\":\"search_term_string\"}}],\"inLanguage\":\"en-US\"},{\"@type\":\"Organization\",\"@id\":\"https:\/\/biasiol.com\/#organization\",\"name\":\"BIASIOL TECHNOLOGY SRL\",\"url\":\"https:\/\/biasiol.com\/\",\"logo\":{\"@type\":\"ImageObject\",\"inLanguage\":\"en-US\",\"@id\":\"https:\/\/biasiol.com\/#\/schema\/logo\/image\/\",\"url\":\"https:\/\/biasiol.com\/wp-content\/uploads\/2020\/06\/Insegna.jpg\",\"contentUrl\":\"https:\/\/biasiol.com\/wp-content\/uploads\/2020\/06\/Insegna.jpg\",\"width\":1518,\"height\":547,\"caption\":\"BIASIOL TECHNOLOGY SRL\"},\"image\":{\"@id\":\"https:\/\/biasiol.com\/#\/schema\/logo\/image\/\"}}]}<\/script>\n<!-- \/ Yoast SEO plugin. -->","yoast_head_json":{"title":"Privacy - Biasiol Technology S.r.l.","robots":{"index":"index","follow":"follow","max-snippet":"max-snippet:-1","max-image-preview":"max-image-preview:large","max-video-preview":"max-video-preview:-1"},"canonical":"https:\/\/biasiol.com\/en\/privacy\/","og_locale":"en_US","og_type":"article","og_title":"Privacy - Biasiol Technology S.r.l.","og_description":"[vc_row][vc_column][vc_column_text] I. Informativa Privacy In ottemperanza agli obblighi derivanti dal Regolamento (UE) 2016\/679 del Parlamento Europeo e del Consiglio del 27 aprile 2016 (Regolamento generale sulla protezione dei dati, nel seguito RGPD) e della normativa italiana sulla protezione dei dati, Biasiol Technology srl, societ\u00e0 di diritto italiano con sede legale in Via Crosetta, 8 &#8211;&hellip;","og_url":"https:\/\/biasiol.com\/en\/privacy\/","og_site_name":"Biasiol Technology S.r.l.","article_modified_time":"2025-10-28T13:40:11+00:00","twitter_card":"summary_large_image","twitter_misc":{"Est. reading time":"11 minutes"},"schema":{"@context":"https:\/\/schema.org","@graph":[{"@type":"WebPage","@id":"https:\/\/biasiol.com\/en\/privacy\/","url":"https:\/\/biasiol.com\/en\/privacy\/","name":"Privacy - Biasiol Technology S.r.l.","isPartOf":{"@id":"https:\/\/biasiol.com\/#website"},"datePublished":"2023-11-13T17:04:16+00:00","dateModified":"2025-10-28T13:40:11+00:00","breadcrumb":{"@id":"https:\/\/biasiol.com\/en\/privacy\/#breadcrumb"},"inLanguage":"en-US","potentialAction":[{"@type":"ReadAction","target":["https:\/\/biasiol.com\/en\/privacy\/"]}]},{"@type":"BreadcrumbList","@id":"https:\/\/biasiol.com\/en\/privacy\/#breadcrumb","itemListElement":[{"@type":"ListItem","position":1,"name":"Home","item":"https:\/\/biasiol.com\/?lang=en"},{"@type":"ListItem","position":2,"name":"Privacy"}]},{"@type":"WebSite","@id":"https:\/\/biasiol.com\/#website","url":"https:\/\/biasiol.com\/","name":"Biasiol Technology S.r.l.","description":"Al servizio dei liquidi alimentari","publisher":{"@id":"https:\/\/biasiol.com\/#organization"},"potentialAction":[{"@type":"SearchAction","target":{"@type":"EntryPoint","urlTemplate":"https:\/\/biasiol.com\/?s={search_term_string}"},"query-input":{"@type":"PropertyValueSpecification","valueRequired":true,"valueName":"search_term_string"}}],"inLanguage":"en-US"},{"@type":"Organization","@id":"https:\/\/biasiol.com\/#organization","name":"BIASIOL TECHNOLOGY SRL","url":"https:\/\/biasiol.com\/","logo":{"@type":"ImageObject","inLanguage":"en-US","@id":"https:\/\/biasiol.com\/#\/schema\/logo\/image\/","url":"https:\/\/biasiol.com\/wp-content\/uploads\/2020\/06\/Insegna.jpg","contentUrl":"https:\/\/biasiol.com\/wp-content\/uploads\/2020\/06\/Insegna.jpg","width":1518,"height":547,"caption":"BIASIOL TECHNOLOGY SRL"},"image":{"@id":"https:\/\/biasiol.com\/#\/schema\/logo\/image\/"}}]}},"_links":{"self":[{"href":"https:\/\/biasiol.com\/en\/wp-json\/wp\/v2\/pages\/42083","targetHints":{"allow":["GET"]}}],"collection":[{"href":"https:\/\/biasiol.com\/en\/wp-json\/wp\/v2\/pages"}],"about":[{"href":"https:\/\/biasiol.com\/en\/wp-json\/wp\/v2\/types\/page"}],"author":[{"embeddable":true,"href":"https:\/\/biasiol.com\/en\/wp-json\/wp\/v2\/users\/1"}],"replies":[{"embeddable":true,"href":"https:\/\/biasiol.com\/en\/wp-json\/wp\/v2\/comments?post=42083"}],"version-history":[{"count":1,"href":"https:\/\/biasiol.com\/en\/wp-json\/wp\/v2\/pages\/42083\/revisions"}],"predecessor-version":[{"id":42084,"href":"https:\/\/biasiol.com\/en\/wp-json\/wp\/v2\/pages\/42083\/revisions\/42084"}],"wp:attachment":[{"href":"https:\/\/biasiol.com\/en\/wp-json\/wp\/v2\/media?parent=42083"}],"curies":[{"name":"wp","href":"https:\/\/api.w.org\/{rel}","templated":true}]}}